{"id":33,"date":"2021-11-09T19:24:58","date_gmt":"2021-11-09T18:24:58","guid":{"rendered":"http:\/\/nemeckepravo.cz\/?page_id=33"},"modified":"2021-11-26T21:46:12","modified_gmt":"2021-11-26T20:46:12","slug":"hlavni-strana","status":"publish","type":"page","link":"https:\/\/www.nemeckepravo.cz\/","title":{"rendered":"Hlavn\u00ed strana"},"content":{"rendered":"\n<div class=\"wp-block-cover alignfull has-background-dim\"><img loading=\"lazy\" decoding=\"async\" width=\"1200\" height=\"717\" class=\"wp-block-cover__image-background wp-image-166\" alt=\"\" src=\"http:\/\/nemeckepravo.cz\/wp-content\/uploads\/nemecke-pravo-hp-bg.jpg\" data-object-fit=\"cover\" srcset=\"https:\/\/www.nemeckepravo.cz\/wp-content\/uploads\/nemecke-pravo-hp-bg.jpg 1200w, https:\/\/www.nemeckepravo.cz\/wp-content\/uploads\/nemecke-pravo-hp-bg-300x179.jpg 300w, https:\/\/www.nemeckepravo.cz\/wp-content\/uploads\/nemecke-pravo-hp-bg-1024x612.jpg 1024w, https:\/\/www.nemeckepravo.cz\/wp-content\/uploads\/nemecke-pravo-hp-bg-768x459.jpg 768w\" sizes=\"auto, (max-width: 1200px) 100vw, 1200px\" \/><div class=\"wp-block-cover__inner-container is-layout-flow wp-block-cover-is-layout-flow\">\n<p class=\"has-text-align-center\" style=\"font-size: 18pt\">Pr\u00e1vo v N\u011bmecku m\u00e1me v mal\u00edku<\/p>\n<\/div><\/div>\n\n\n\n<div class=\"wp-block-columns is-layout-flex wp-container-core-columns-is-layout-9d6595d7 wp-block-columns-is-layout-flex\">\n<div class=\"wp-block-column is-layout-flow wp-block-column-is-layout-flow\" style=\"flex-basis:25%\">\n<div class=\"wp-block-image wp-image-200\"><figure class=\"alignright size-full is-resized\"><img loading=\"lazy\" decoding=\"async\" src=\"https:\/\/www.nemeckepravo.cz\/wp-content\/uploads\/tomas-mach-sml.jpg\" alt=\"\" class=\"wp-image-200\" width=\"150\" height=\"204\" srcset=\"https:\/\/www.nemeckepravo.cz\/wp-content\/uploads\/tomas-mach-sml.jpg 600w, https:\/\/www.nemeckepravo.cz\/wp-content\/uploads\/tomas-mach-sml-221x300.jpg 221w\" sizes=\"auto, (max-width: 150px) 100vw, 150px\" \/><\/figure><\/div>\n<\/div>\n\n\n\n<div class=\"wp-block-column is-layout-flow wp-block-column-is-layout-flow\">\n<p> <strong>Dr. Tom\u00e1\u0161 Mach<br><\/strong>advok\u00e1t v&nbsp; N\u011bmecku a \u010cesk\u00e9 republice<br>\u010cesk\u00fd soudn\u00ed znalec v&nbsp;oboru pr\u00e1vn\u00ed vztahy k&nbsp;cizin\u011b, specializace n\u011bmeck\u00e9 pr\u00e1vo <\/p>\n<\/div>\n<\/div>\n","protected":false},"excerpt":{"rendered":"<p>Dr. Tom\u00e1\u0161 Machadvok\u00e1t v&nbsp; N\u011bmecku a \u010cesk\u00e9 republice\u010cesk\u00fd soudn\u00ed znalec v&nbsp;oboru pr\u00e1vn\u00ed vztahy k&nbsp;cizin\u011b, specializace n\u011bmeck\u00e9 pr\u00e1vo<\/p>\n","protected":false},"author":1,"featured_media":0,"parent":0,"menu_order":0,"comment_status":"closed","ping_status":"closed","template":"templates\/template-fullwidth-no-title.php","meta":{"footnotes":""},"class_list":["post-33","page","type-page","status-publish","hentry"],"_links":{"self":[{"href":"https:\/\/www.nemeckepravo.cz\/index.php?rest_route=\/wp\/v2\/pages\/33","targetHints":{"allow":["GET"]}}],"collection":[{"href":"https:\/\/www.nemeckepravo.cz\/index.php?rest_route=\/wp\/v2\/pages"}],"about":[{"href":"https:\/\/www.nemeckepravo.cz\/index.php?rest_route=\/wp\/v2\/types\/page"}],"author":[{"embeddable":true,"href":"https:\/\/www.nemeckepravo.cz\/index.php?rest_route=\/wp\/v2\/users\/1"}],"replies":[{"embeddable":true,"href":"https:\/\/www.nemeckepravo.cz\/index.php?rest_route=%2Fwp%2Fv2%2Fcomments&post=33"}],"version-history":[{"count":27,"href":"https:\/\/www.nemeckepravo.cz\/index.php?rest_route=\/wp\/v2\/pages\/33\/revisions"}],"predecessor-version":[{"id":209,"href":"https:\/\/www.nemeckepravo.cz\/index.php?rest_route=\/wp\/v2\/pages\/33\/revisions\/209"}],"wp:attachment":[{"href":"https:\/\/www.nemeckepravo.cz\/index.php?rest_route=%2Fwp%2Fv2%2Fmedia&parent=33"}],"curies":[{"name":"wp","href":"https:\/\/api.w.org\/{rel}","templated":true}]}}